{"id":21,"date":"2024-02-01T19:46:56","date_gmt":"2024-02-01T19:46:56","guid":{"rendered":"https:\/\/maktubfisioterapia.com\/?page_id=21"},"modified":"2024-04-09T18:49:56","modified_gmt":"2024-04-09T18:49:56","slug":"contacto","status":"publish","type":"page","link":"https:\/\/maktubfisioterapia.com\/en\/contacto\/","title":{"rendered":"Contact"},"content":{"rendered":"\t\t<div data-elementor-type=\"wp-page\" data-elementor-id=\"21\" class=\"elementor elementor-21\" data-elementor-post-type=\"page\">\n\t\t\t\t<div class=\"elementor-element elementor-element-78a14cd e-flex e-con-boxed e-con e-parent\" data-id=\"78a14cd\" data-element_type=\"container\">\n\t\t\t\t\t<div class=\"e-con-inner\">\n\t\t\t\t<div class=\"elementor-element elementor-element-84fe634 elementor-widget__width-initial elementor-widget elementor-widget-image-box\" data-id=\"84fe634\" data-element_type=\"widget\" data-widget_type=\"image-box.default\">\n\t\t\t\t<div class=\"elementor-widget-container\">\n\t\t\t\t\t<div class=\"elementor-image-box-wrapper\"><div class=\"elementor-image-box-content\"><h3 class=\"elementor-image-box-title\">Contacta con nosotros<\/h3><\/div><\/div>\t\t\t\t<\/div>\n\t\t\t\t<\/div>\n\t\t\t\t<div class=\"elementor-element elementor-element-1487a30 elementor-view-default elementor-invisible elementor-widget elementor-widget-icon\" data-id=\"1487a30\" data-element_type=\"widget\" data-settings=\"{&quot;_animation&quot;:&quot;bounce&quot;}\" data-widget_type=\"icon.default\">\n\t\t\t\t<div class=\"elementor-widget-container\">\n\t\t\t\t\t\t\t<div class=\"elementor-icon-wrapper\">\n\t\t\t<div class=\"elementor-icon\">\n\t\t\t<svg aria-hidden=\"true\" class=\"e-font-icon-svg e-fas-angle-double-down\" viewBox=\"0 0 320 512\" xmlns=\"http:\/\/www.w3.org\/2000\/svg\"><path d=\"M143 256.3L7 120.3c-9.4-9.4-9.4-24.6 0-33.9l22.6-22.6c9.4-9.4 24.6-9.4 33.9 0l96.4 96.4 96.4-96.4c9.4-9.4 24.6-9.4 33.9 0L313 86.3c9.4 9.4 9.4 24.6 0 33.9l-136 136c-9.4 9.5-24.6 9.5-34 .1zm34 192l136-136c9.4-9.4 9.4-24.6 0-33.9l-22.6-22.6c-9.4-9.4-24.6-9.4-33.9 0L160 352.1l-96.4-96.4c-9.4-9.4-24.6-9.4-33.9 0L7 278.3c-9.4 9.4-9.4 24.6 0 33.9l136 136c9.4 9.5 24.6 9.5 34 .1z\"><\/path><\/svg>\t\t\t<\/div>\n\t\t<\/div>\n\t\t\t\t\t\t<\/div>\n\t\t\t\t<\/div>\n\t\t<div class=\"elementor-element elementor-element-5eb73ca e-flex e-con-boxed e-con e-child\" data-id=\"5eb73ca\" data-element_type=\"container\">\n\t\t\t\t\t<div class=\"e-con-inner\">\n\t\t<div class=\"elementor-element elementor-element-a46acb1 e-flex e-con-boxed e-con e-child\" data-id=\"a46acb1\" data-element_type=\"container\">\n\t\t\t\t\t<div class=\"e-con-inner\">\n\t\t\t\t<div class=\"elementor-element elementor-element-7661251 elementor-widget elementor-widget-heading\" data-id=\"7661251\" data-element_type=\"widget\" data-widget_type=\"heading.default\">\n\t\t\t\t<div class=\"elementor-widget-container\">\n\t\t\t\t\t<h2 class=\"elementor-heading-title elementor-size-default\">Ubicaci\u00f3n<\/h2>\t\t\t\t<\/div>\n\t\t\t\t<\/div>\n\t\t\t\t<div class=\"elementor-element elementor-element-94997db elementor-align-center elementor-widget elementor-widget-button\" data-id=\"94997db\" data-element_type=\"widget\" data-widget_type=\"button.default\">\n\t\t\t\t<div class=\"elementor-widget-container\">\n\t\t\t\t\t\t\t\t\t<div class=\"elementor-button-wrapper\">\n\t\t\t\t\t<a class=\"elementor-button elementor-button-link elementor-size-sm\" href=\"https:\/\/maps.app.goo.gl\/D3bNt5xKK69MgoxJA\">\n\t\t\t\t\t\t<span class=\"elementor-button-content-wrapper\">\n\t\t\t\t\t\t\t\t\t<span class=\"elementor-button-text\">Av.Santander, 44, 34003 Palencia<br>(Vivero de empresas)<\/span>\n\t\t\t\t\t<\/span>\n\t\t\t\t\t<\/a>\n\t\t\t\t<\/div>\n\t\t\t\t\t\t\t\t<\/div>\n\t\t\t\t<\/div>\n\t\t\t\t<div class=\"elementor-element elementor-element-a713662 elementor-widget elementor-widget-heading\" data-id=\"a713662\" data-element_type=\"widget\" data-widget_type=\"heading.default\">\n\t\t\t\t<div class=\"elementor-widget-container\">\n\t\t\t\t\t<h2 class=\"elementor-heading-title elementor-size-default\">Cita previa<\/h2>\t\t\t\t<\/div>\n\t\t\t\t<\/div>\n\t\t\t\t<div class=\"elementor-element elementor-element-ff19590 elementor-align-center elementor-widget elementor-widget-button\" data-id=\"ff19590\" data-element_type=\"widget\" data-widget_type=\"button.default\">\n\t\t\t\t<div class=\"elementor-widget-container\">\n\t\t\t\t\t\t\t\t\t<div class=\"elementor-button-wrapper\">\n\t\t\t\t\t<a class=\"elementor-button elementor-button-link elementor-size-sm\" href=\"tel:618%2018%2022%2070\">\n\t\t\t\t\t\t<span class=\"elementor-button-content-wrapper\">\n\t\t\t\t\t\t\t\t\t<span class=\"elementor-button-text\">618 18 22 70<\/span>\n\t\t\t\t\t<\/span>\n\t\t\t\t\t<\/a>\n\t\t\t\t<\/div>\n\t\t\t\t\t\t\t\t<\/div>\n\t\t\t\t<\/div>\n\t\t\t\t\t<\/div>\n\t\t\t\t<\/div>\n\t\t\t\t<div class=\"elementor-element elementor-element-c6d1436 elementor-widget__width-initial elementor-button-align-stretch elementor-widget elementor-widget-form\" data-id=\"c6d1436\" data-element_type=\"widget\" data-settings=\"{&quot;step_next_label&quot;:&quot;Next&quot;,&quot;step_previous_label&quot;:&quot;Previous&quot;,&quot;button_width&quot;:&quot;100&quot;,&quot;step_type&quot;:&quot;number_text&quot;,&quot;step_icon_shape&quot;:&quot;circle&quot;}\" data-widget_type=\"form.default\">\n\t\t\t\t<div class=\"elementor-widget-container\">\n\t\t\t\t\t\t\t<form class=\"elementor-form\" method=\"post\" name=\"Contacto\">\n\t\t\t<input type=\"hidden\" name=\"post_id\" value=\"21\"\/>\n\t\t\t<input type=\"hidden\" name=\"form_id\" value=\"c6d1436\"\/>\n\t\t\t<input type=\"hidden\" name=\"referer_title\" value=\"Maktub\" \/>\n\n\t\t\t\n\t\t\t<div class=\"elementor-form-fields-wrapper elementor-labels-\">\n\t\t\t\t\t\t\t\t<div class=\"elementor-field-type-text elementor-field-group elementor-column elementor-field-group-name elementor-col-100 elementor-field-required\">\n\t\t\t\t\t\t\t\t\t\t\t\t<label for=\"form-field-name\" class=\"elementor-field-label elementor-screen-only\">\n\t\t\t\t\t\t\t\tNombre\t\t\t\t\t\t\t<\/label>\n\t\t\t\t\t\t\t\t\t\t\t\t\t\t<input size=\"1\" type=\"text\" name=\"form_fields[name]\" id=\"form-field-name\" class=\"elementor-field elementor-size-sm  elementor-field-textual\" placeholder=\"Nombre y Apellidos\" required=\"required\">\n\t\t\t\t\t\t\t\t\t\t\t<\/div>\n\t\t\t\t\t\t\t\t<div class=\"elementor-field-type-tel elementor-field-group elementor-column elementor-field-group-field_65b0fe1 elementor-col-100 elementor-field-required\">\n\t\t\t\t\t\t\t\t\t\t\t\t<label for=\"form-field-field_65b0fe1\" class=\"elementor-field-label elementor-screen-only\">\n\t\t\t\t\t\t\t\tTel\u00e9fono\t\t\t\t\t\t\t<\/label>\n\t\t\t\t\t\t\t\t<input size=\"1\" type=\"tel\" name=\"form_fields[field_65b0fe1]\" id=\"form-field-field_65b0fe1\" class=\"elementor-field elementor-size-sm  elementor-field-textual\" placeholder=\"Tel\u00e9fono\" required=\"required\" pattern=\"[0-9()#&amp;+*-=.]+\" title=\"Only numbers and phone characters (#, -, *, etc) are accepted.\">\n\n\t\t\t\t\t\t<\/div>\n\t\t\t\t\t\t\t\t<div class=\"elementor-field-type-email elementor-field-group elementor-column elementor-field-group-email elementor-col-100 elementor-field-required\">\n\t\t\t\t\t\t\t\t\t\t\t\t<label for=\"form-field-email\" class=\"elementor-field-label elementor-screen-only\">\n\t\t\t\t\t\t\t\tEmail\t\t\t\t\t\t\t<\/label>\n\t\t\t\t\t\t\t\t\t\t\t\t\t\t<input size=\"1\" type=\"email\" name=\"form_fields[email]\" id=\"form-field-email\" class=\"elementor-field elementor-size-sm  elementor-field-textual\" placeholder=\"Email\" required=\"required\">\n\t\t\t\t\t\t\t\t\t\t\t<\/div>\n\t\t\t\t\t\t\t\t<div class=\"elementor-field-type-textarea elementor-field-group elementor-column elementor-field-group-field_a33095d elementor-col-100\">\n\t\t\t\t\t<textarea class=\"elementor-field-textual elementor-field  elementor-size-sm\" name=\"form_fields[field_a33095d]\" id=\"form-field-field_a33095d\" rows=\"4\"><\/textarea>\t\t\t\t<\/div>\n\t\t\t\t\t\t\t\t<div class=\"elementor-field-type-acceptance elementor-field-group elementor-column elementor-field-group-field_a1d25e4 elementor-col-100\">\n\t\t\t\t\t\t\t<div class=\"elementor-field-subgroup\">\n\t\t\t<span class=\"elementor-field-option\">\n\t\t\t\t<input type=\"checkbox\" name=\"form_fields[field_a1d25e4]\" id=\"form-field-field_a1d25e4\" class=\"elementor-field elementor-size-sm  elementor-acceptance-field\">\n\t\t\t\t<label for=\"form-field-field_a1d25e4\">He le\u00eddo y acepto la <a style=\"color:#2D5854 ;font-weight: bold;\"  href=\"\/politica-de-privacidad\" target=\"_blank\">pol\u00edtica de privacidad<a><\/a><\/label>\t\t\t<\/span>\n\t\t<\/div>\n\t\t\t\t\t\t<\/div>\n\t\t\t\t\t\t\t\t<div class=\"elementor-field-type-recaptcha_v3 elementor-field-group elementor-column elementor-field-group-field_81ac0b8 elementor-col-100 recaptcha_v3-bottomright\">\n\t\t\t\t\t<div class=\"elementor-field\" id=\"form-field-field_81ac0b8\"><div class=\"elementor-g-recaptcha\" data-sitekey=\"6LdoIbYpAAAAAFdo3fAhurk09XG9R4zUbwZkp4CD\" data-type=\"v3\" data-action=\"Form\" data-badge=\"bottomright\" data-size=\"invisible\"><\/div><\/div>\t\t\t\t<\/div>\n\t\t\t\t\t\t\t\t<div class=\"elementor-field-group elementor-column elementor-field-type-submit elementor-col-100 e-form__buttons\">\n\t\t\t\t\t<button class=\"elementor-button elementor-size-sm\" type=\"submit\">\n\t\t\t\t\t\t<span class=\"elementor-button-content-wrapper\">\n\t\t\t\t\t\t\t\t\t\t\t\t\t\t\t\t\t\t\t\t\t\t<span class=\"elementor-button-text\">Enviar<\/span>\n\t\t\t\t\t\t\t\t\t\t\t\t\t<\/span>\n\t\t\t\t\t<\/button>\n\t\t\t\t<\/div>\n\t\t\t<\/div>\n\t\t<\/form>\n\t\t\t\t\t\t<\/div>\n\t\t\t\t<\/div>\n\t\t\t\t\t<\/div>\n\t\t\t\t<\/div>\n\t\t\t\t\t<\/div>\n\t\t\t\t<\/div>\n\t\t<div class=\"elementor-element elementor-element-a2e9a81 e-flex e-con-boxed e-con e-parent\" data-id=\"a2e9a81\" data-element_type=\"container\" data-settings=\"{&quot;background_background&quot;:&quot;classic&quot;}\">\n\t\t\t\t\t<div class=\"e-con-inner\">\n\t\t\t\t\t<\/div>\n\t\t\t\t<\/div>\n\t\t\t\t<\/div>\n\t\t","protected":false},"excerpt":{"rendered":"<p>Contacta con nosotros Ubicaci\u00f3n Av.Santander, 44, 34003 Palencia(Vivero de empresas) Cita previa 618 18 22 70<\/p>","protected":false},"author":1,"featured_media":0,"parent":0,"menu_order":0,"comment_status":"closed","ping_status":"closed","template":"","meta":{"footnotes":""},"class_list":["post-21","page","type-page","status-publish","hentry"],"yoast_head":"<!-- This site is optimized with the Yoast SEO plugin v26.8 - https:\/\/yoast.com\/product\/yoast-seo-wordpress\/ -->\n<title>Fisioterapia y Osteopat\u00eda<\/title>\n<meta name=\"description\" content=\"El trabajo manual, las t\u00e9cnicas y conocimientos est\u00e1n al servicio de las necesidades de cada persona en cada momento. Un espacio sencillo, acogedor y agradable en el que el paciente se sentir\u00e1 c\u00f3modo, atendido y escuchado.\" \/>\n<meta name=\"robots\" content=\"index, follow, max-snippet:-1, max-image-preview:large, max-video-preview:-1\" \/>\n<link rel=\"canonical\" href=\"https:\/\/maktubfisioterapia.com\/en\/contacto\/\" \/>\n<meta property=\"og:locale\" content=\"en_GB\" \/>\n<meta property=\"og:type\" content=\"article\" \/>\n<meta property=\"og:title\" content=\"Fisioterapia y Osteopat\u00eda\" \/>\n<meta property=\"og:description\" content=\"El trabajo manual, las t\u00e9cnicas y conocimientos est\u00e1n al servicio de las necesidades de cada persona en cada momento. Un espacio sencillo, acogedor y agradable en el que el paciente se sentir\u00e1 c\u00f3modo, atendido y escuchado.\" \/>\n<meta property=\"og:url\" content=\"https:\/\/maktubfisioterapia.com\/en\/contacto\/\" \/>\n<meta property=\"og:site_name\" content=\"Maktub\" \/>\n<meta property=\"article:modified_time\" content=\"2024-04-09T18:49:56+00:00\" \/>\n<meta name=\"twitter:card\" content=\"summary_large_image\" \/>\n<meta name=\"twitter:label1\" content=\"Est. reading time\" \/>\n\t<meta name=\"twitter:data1\" content=\"1 minute\" \/>\n<script type=\"application\/ld+json\" class=\"yoast-schema-graph\">{\"@context\":\"https:\/\/schema.org\",\"@graph\":[{\"@type\":\"WebPage\",\"@id\":\"https:\/\/maktubfisioterapia.com\/contacto\/\",\"url\":\"https:\/\/maktubfisioterapia.com\/contacto\/\",\"name\":\"Fisioterapia y Osteopat\u00eda\",\"isPartOf\":{\"@id\":\"https:\/\/maktubfisioterapia.com\/#website\"},\"datePublished\":\"2024-02-01T19:46:56+00:00\",\"dateModified\":\"2024-04-09T18:49:56+00:00\",\"description\":\"El trabajo manual, las t\u00e9cnicas y conocimientos est\u00e1n al servicio de las necesidades de cada persona en cada momento. Un espacio sencillo, acogedor y agradable en el que el paciente se sentir\u00e1 c\u00f3modo, atendido y escuchado.\",\"breadcrumb\":{\"@id\":\"https:\/\/maktubfisioterapia.com\/contacto\/#breadcrumb\"},\"inLanguage\":\"en-GB\",\"potentialAction\":[{\"@type\":\"ReadAction\",\"target\":[\"https:\/\/maktubfisioterapia.com\/contacto\/\"]}]},{\"@type\":\"BreadcrumbList\",\"@id\":\"https:\/\/maktubfisioterapia.com\/contacto\/#breadcrumb\",\"itemListElement\":[{\"@type\":\"ListItem\",\"position\":1,\"name\":\"Portada\",\"item\":\"https:\/\/maktubfisioterapia.com\/\"},{\"@type\":\"ListItem\",\"position\":2,\"name\":\"Contacto\"}]},{\"@type\":\"WebSite\",\"@id\":\"https:\/\/maktubfisioterapia.com\/#website\",\"url\":\"https:\/\/maktubfisioterapia.com\/\",\"name\":\"Maktub\",\"description\":\"Fisioterapia\",\"publisher\":{\"@id\":\"https:\/\/maktubfisioterapia.com\/#organization\"},\"potentialAction\":[{\"@type\":\"SearchAction\",\"target\":{\"@type\":\"EntryPoint\",\"urlTemplate\":\"https:\/\/maktubfisioterapia.com\/?s={search_term_string}\"},\"query-input\":{\"@type\":\"PropertyValueSpecification\",\"valueRequired\":true,\"valueName\":\"search_term_string\"}}],\"inLanguage\":\"en-GB\"},{\"@type\":\"Organization\",\"@id\":\"https:\/\/maktubfisioterapia.com\/#organization\",\"name\":\"Maktub\",\"url\":\"https:\/\/maktubfisioterapia.com\/\",\"logo\":{\"@type\":\"ImageObject\",\"inLanguage\":\"en-GB\",\"@id\":\"https:\/\/maktubfisioterapia.com\/#\/schema\/logo\/image\/\",\"url\":\"https:\/\/maktubfisioterapia.com\/wp-content\/uploads\/2024\/02\/LOGO-COLOR_FONDO-BLANCO-e1706817174803.png\",\"contentUrl\":\"https:\/\/maktubfisioterapia.com\/wp-content\/uploads\/2024\/02\/LOGO-COLOR_FONDO-BLANCO-e1706817174803.png\",\"width\":1308,\"height\":1562,\"caption\":\"Maktub\"},\"image\":{\"@id\":\"https:\/\/maktubfisioterapia.com\/#\/schema\/logo\/image\/\"}}]}<\/script>\n<!-- \/ Yoast SEO plugin. -->","yoast_head_json":{"title":"Fisioterapia y Osteopat\u00eda","description":"El trabajo manual, las t\u00e9cnicas y conocimientos est\u00e1n al servicio de las necesidades de cada persona en cada momento. Un espacio sencillo, acogedor y agradable en el que el paciente se sentir\u00e1 c\u00f3modo, atendido y escuchado.","robots":{"index":"index","follow":"follow","max-snippet":"max-snippet:-1","max-image-preview":"max-image-preview:large","max-video-preview":"max-video-preview:-1"},"canonical":"https:\/\/maktubfisioterapia.com\/en\/contacto\/","og_locale":"en_GB","og_type":"article","og_title":"Fisioterapia y Osteopat\u00eda","og_description":"El trabajo manual, las t\u00e9cnicas y conocimientos est\u00e1n al servicio de las necesidades de cada persona en cada momento. Un espacio sencillo, acogedor y agradable en el que el paciente se sentir\u00e1 c\u00f3modo, atendido y escuchado.","og_url":"https:\/\/maktubfisioterapia.com\/en\/contacto\/","og_site_name":"Maktub","article_modified_time":"2024-04-09T18:49:56+00:00","twitter_card":"summary_large_image","twitter_misc":{"Est. reading time":"1 minute"},"schema":{"@context":"https:\/\/schema.org","@graph":[{"@type":"WebPage","@id":"https:\/\/maktubfisioterapia.com\/contacto\/","url":"https:\/\/maktubfisioterapia.com\/contacto\/","name":"Fisioterapia y Osteopat\u00eda","isPartOf":{"@id":"https:\/\/maktubfisioterapia.com\/#website"},"datePublished":"2024-02-01T19:46:56+00:00","dateModified":"2024-04-09T18:49:56+00:00","description":"El trabajo manual, las t\u00e9cnicas y conocimientos est\u00e1n al servicio de las necesidades de cada persona en cada momento. Un espacio sencillo, acogedor y agradable en el que el paciente se sentir\u00e1 c\u00f3modo, atendido y escuchado.","breadcrumb":{"@id":"https:\/\/maktubfisioterapia.com\/contacto\/#breadcrumb"},"inLanguage":"en-GB","potentialAction":[{"@type":"ReadAction","target":["https:\/\/maktubfisioterapia.com\/contacto\/"]}]},{"@type":"BreadcrumbList","@id":"https:\/\/maktubfisioterapia.com\/contacto\/#breadcrumb","itemListElement":[{"@type":"ListItem","position":1,"name":"Portada","item":"https:\/\/maktubfisioterapia.com\/"},{"@type":"ListItem","position":2,"name":"Contacto"}]},{"@type":"WebSite","@id":"https:\/\/maktubfisioterapia.com\/#website","url":"https:\/\/maktubfisioterapia.com\/","name":"Maktub","description":"Physiotherapy","publisher":{"@id":"https:\/\/maktubfisioterapia.com\/#organization"},"potentialAction":[{"@type":"SearchAction","target":{"@type":"EntryPoint","urlTemplate":"https:\/\/maktubfisioterapia.com\/?s={search_term_string}"},"query-input":{"@type":"PropertyValueSpecification","valueRequired":true,"valueName":"search_term_string"}}],"inLanguage":"en-GB"},{"@type":"Organization","@id":"https:\/\/maktubfisioterapia.com\/#organization","name":"Maktub","url":"https:\/\/maktubfisioterapia.com\/","logo":{"@type":"ImageObject","inLanguage":"en-GB","@id":"https:\/\/maktubfisioterapia.com\/#\/schema\/logo\/image\/","url":"https:\/\/maktubfisioterapia.com\/wp-content\/uploads\/2024\/02\/LOGO-COLOR_FONDO-BLANCO-e1706817174803.png","contentUrl":"https:\/\/maktubfisioterapia.com\/wp-content\/uploads\/2024\/02\/LOGO-COLOR_FONDO-BLANCO-e1706817174803.png","width":1308,"height":1562,"caption":"Maktub"},"image":{"@id":"https:\/\/maktubfisioterapia.com\/#\/schema\/logo\/image\/"}}]}},"_links":{"self":[{"href":"https:\/\/maktubfisioterapia.com\/en\/wp-json\/wp\/v2\/pages\/21","targetHints":{"allow":["GET"]}}],"collection":[{"href":"https:\/\/maktubfisioterapia.com\/en\/wp-json\/wp\/v2\/pages"}],"about":[{"href":"https:\/\/maktubfisioterapia.com\/en\/wp-json\/wp\/v2\/types\/page"}],"author":[{"embeddable":true,"href":"https:\/\/maktubfisioterapia.com\/en\/wp-json\/wp\/v2\/users\/1"}],"replies":[{"embeddable":true,"href":"https:\/\/maktubfisioterapia.com\/en\/wp-json\/wp\/v2\/comments?post=21"}],"version-history":[{"count":6,"href":"https:\/\/maktubfisioterapia.com\/en\/wp-json\/wp\/v2\/pages\/21\/revisions"}],"predecessor-version":[{"id":302,"href":"https:\/\/maktubfisioterapia.com\/en\/wp-json\/wp\/v2\/pages\/21\/revisions\/302"}],"wp:attachment":[{"href":"https:\/\/maktubfisioterapia.com\/en\/wp-json\/wp\/v2\/media?parent=21"}],"curies":[{"name":"wp","href":"https:\/\/api.w.org\/{rel}","templated":true}]}}