{"id":19,"date":"2024-02-01T19:46:44","date_gmt":"2024-02-01T19:46:44","guid":{"rendered":"https:\/\/maktubfisioterapia.com\/?page_id=19"},"modified":"2024-02-27T10:37:29","modified_gmt":"2024-02-27T10:37:29","slug":"tratamientos","status":"publish","type":"page","link":"https:\/\/maktubfisioterapia.com\/en\/tratamientos\/","title":{"rendered":"Treatments"},"content":{"rendered":"<div data-elementor-type=\"wp-page\" data-elementor-id=\"19\" class=\"elementor elementor-19\" data-elementor-post-type=\"page\">\n\t\t\t\t<div class=\"elementor-element elementor-element-22a4aae e-con-full e-flex e-con e-parent\" data-id=\"22a4aae\" data-element_type=\"container\">\n\t\t\t\t<div class=\"elementor-element elementor-element-e1f5057 elementor-widget__width-initial elementor-widget elementor-widget-image-box\" data-id=\"e1f5057\" data-element_type=\"widget\" data-widget_type=\"image-box.default\">\n\t\t\t\t<div class=\"elementor-widget-container\">\n\t\t\t\t\t<div class=\"elementor-image-box-wrapper\"><div class=\"elementor-image-box-content\"><h3 class=\"elementor-image-box-title\">Treatments<\/h3><p class=\"elementor-image-box-description\">What treatment are you looking for?<\/p><\/div><\/div>\t\t\t\t<\/div>\n\t\t\t\t<\/div>\n\t\t\t\t<div class=\"elementor-element elementor-element-24dabc2 elementor-widget__width-initial elementor-widget elementor-widget-image\" data-id=\"24dabc2\" data-element_type=\"widget\" data-widget_type=\"image.default\">\n\t\t\t\t<div class=\"elementor-widget-container\">\n\t\t\t\t\t\t\t\t\t\t\t\t\t\t\t<img fetchpriority=\"high\" decoding=\"async\" width=\"518\" height=\"419\" src=\"https:\/\/maktubfisioterapia.com\/wp-content\/uploads\/2024\/02\/elipse-servicios-foto-flor.png\" class=\"attachment-large size-large wp-image-234\" alt=\"\" srcset=\"https:\/\/maktubfisioterapia.com\/wp-content\/uploads\/2024\/02\/elipse-servicios-foto-flor.png 518w, https:\/\/maktubfisioterapia.com\/wp-content\/uploads\/2024\/02\/elipse-servicios-foto-flor-300x243.png 300w, https:\/\/maktubfisioterapia.com\/wp-content\/uploads\/2024\/02\/elipse-servicios-foto-flor-15x12.png 15w\" sizes=\"(max-width: 518px) 100vw, 518px\" \/>\t\t\t\t\t\t\t\t\t\t\t\t\t\t\t<\/div>\n\t\t\t\t<\/div>\n\t\t<div class=\"elementor-element elementor-element-22d1419 e-flex e-con-boxed e-con e-child\" data-id=\"22d1419\" data-element_type=\"container\">\n\t\t\t\t\t<div class=\"e-con-inner\">\n\t\t<div class=\"elementor-element elementor-element-af94d9a e-con-full e-flex e-con e-child\" data-id=\"af94d9a\" data-element_type=\"container\">\n\t\t\t\t<div class=\"elementor-element elementor-element-ef138aa elementor-position-top elementor-widget elementor-widget-image-box\" data-id=\"ef138aa\" data-element_type=\"widget\" data-widget_type=\"image-box.default\">\n\t\t\t\t<div class=\"elementor-widget-container\">\n\t\t\t\t\t<div class=\"elementor-image-box-wrapper\"><figure class=\"elementor-image-box-img\"><img decoding=\"async\" width=\"512\" height=\"512\" src=\"https:\/\/maktubfisioterapia.com\/wp-content\/uploads\/2024\/02\/terapia-fisica.png\" class=\"attachment-full size-full wp-image-91\" alt=\"\" srcset=\"https:\/\/maktubfisioterapia.com\/wp-content\/uploads\/2024\/02\/terapia-fisica.png 512w, https:\/\/maktubfisioterapia.com\/wp-content\/uploads\/2024\/02\/terapia-fisica-300x300.png 300w, https:\/\/maktubfisioterapia.com\/wp-content\/uploads\/2024\/02\/terapia-fisica-150x150.png 150w\" sizes=\"(max-width: 512px) 100vw, 512px\" \/><\/figure><div class=\"elementor-image-box-content\"><h3 class=\"elementor-image-box-title\">Physiotherapy<\/h3><p class=\"elementor-image-box-description\">Manual treatments, seeking to reestablish the mobility and normality of the tissues, and give the body, through movement, resources to restore its normal functioning.<\/p><\/div><\/div>\t\t\t\t<\/div>\n\t\t\t\t<\/div>\n\t\t\t\t<div class=\"elementor-element elementor-element-f26044e elementor-align-justify elementor-widget elementor-widget-button\" data-id=\"f26044e\" data-element_type=\"widget\" data-widget_type=\"button.default\">\n\t\t\t\t<div class=\"elementor-widget-container\">\n\t\t\t\t\t\t\t\t\t<div class=\"elementor-button-wrapper\">\n\t\t\t\t\t<a class=\"elementor-button elementor-button-link elementor-size-sm\" href=\"#\">\n\t\t\t\t\t\t<span class=\"elementor-button-content-wrapper\">\n\t\t\t\t\t\t\t\t\t<span class=\"elementor-button-text\">Dry Needling<br> Diacutaneous Fibrolysis<br> Neurodynamics<br> Kinesiotapping <br>Functional bandage<br>Engine control<\/span>\n\t\t\t\t\t<\/span>\n\t\t\t\t\t<\/a>\n\t\t\t\t<\/div>\n\t\t\t\t\t\t\t\t<\/div>\n\t\t\t\t<\/div>\n\t\t\t\t<\/div>\n\t\t<div class=\"elementor-element elementor-element-f65a1eb e-con-full e-flex e-con e-child\" data-id=\"f65a1eb\" data-element_type=\"container\">\n\t\t\t\t<div class=\"elementor-element elementor-element-44dde61 elementor-position-top elementor-widget elementor-widget-image-box\" data-id=\"44dde61\" data-element_type=\"widget\" data-widget_type=\"image-box.default\">\n\t\t\t\t<div class=\"elementor-widget-container\">\n\t\t\t\t\t<div class=\"elementor-image-box-wrapper\"><figure class=\"elementor-image-box-img\"><img decoding=\"async\" width=\"512\" height=\"512\" src=\"https:\/\/maktubfisioterapia.com\/wp-content\/uploads\/2024\/02\/atras.png\" class=\"attachment-full size-full wp-image-93\" alt=\"\" srcset=\"https:\/\/maktubfisioterapia.com\/wp-content\/uploads\/2024\/02\/atras.png 512w, https:\/\/maktubfisioterapia.com\/wp-content\/uploads\/2024\/02\/atras-300x300.png 300w, https:\/\/maktubfisioterapia.com\/wp-content\/uploads\/2024\/02\/atras-150x150.png 150w\" sizes=\"(max-width: 512px) 100vw, 512px\" \/><\/figure><div class=\"elementor-image-box-content\"><h3 class=\"elementor-image-box-title\">Osteopathy<\/h3><p class=\"elementor-image-box-description\">Global and holistic approach, understanding the body as a whole. Through manual treatment, the necessary readjustments are facilitated in the body to return to its state of natural balance.<\/p><\/div><\/div>\t\t\t\t<\/div>\n\t\t\t\t<\/div>\n\t\t\t\t<div class=\"elementor-element elementor-element-8125fe6 elementor-align-justify elementor-widget elementor-widget-button\" data-id=\"8125fe6\" data-element_type=\"widget\" data-widget_type=\"button.default\">\n\t\t\t\t<div class=\"elementor-widget-container\">\n\t\t\t\t\t\t\t\t\t<div class=\"elementor-button-wrapper\">\n\t\t\t\t\t<a class=\"elementor-button elementor-button-link elementor-size-sm\" href=\"#\">\n\t\t\t\t\t\t<span class=\"elementor-button-content-wrapper\">\n\t\t\t\t\t\t\t\t\t<span class=\"elementor-button-text\">Structural osteopathy<br>Visceral osteopathy<br>Cranial osteopathy<\/span>\n\t\t\t\t\t<\/span>\n\t\t\t\t\t<\/a>\n\t\t\t\t<\/div>\n\t\t\t\t\t\t\t\t<\/div>\n\t\t\t\t<\/div>\n\t\t\t\t<\/div>\n\t\t<div class=\"elementor-element elementor-element-13ed116 e-con-full e-flex e-con e-child\" data-id=\"13ed116\" data-element_type=\"container\">\n\t\t\t\t<div class=\"elementor-element elementor-element-c8ae8c6 elementor-position-top elementor-widget elementor-widget-image-box\" data-id=\"c8ae8c6\" data-element_type=\"widget\" data-widget_type=\"image-box.default\">\n\t\t\t\t<div class=\"elementor-widget-container\">\n\t\t\t\t\t<div class=\"elementor-image-box-wrapper\"><figure class=\"elementor-image-box-img\"><img loading=\"lazy\" decoding=\"async\" width=\"512\" height=\"512\" src=\"https:\/\/maktubfisioterapia.com\/wp-content\/uploads\/2024\/02\/image-5.png\" class=\"attachment-full size-full wp-image-242\" alt=\"\" srcset=\"https:\/\/maktubfisioterapia.com\/wp-content\/uploads\/2024\/02\/image-5.png 512w, https:\/\/maktubfisioterapia.com\/wp-content\/uploads\/2024\/02\/image-5-300x300.png 300w, https:\/\/maktubfisioterapia.com\/wp-content\/uploads\/2024\/02\/image-5-150x150.png 150w, https:\/\/maktubfisioterapia.com\/wp-content\/uploads\/2024\/02\/image-5-12x12.png 12w\" sizes=\"(max-width: 512px) 100vw, 512px\" \/><\/figure><div class=\"elementor-image-box-content\"><h3 class=\"elementor-image-box-title\">Pediatric Physiotherapy and Osteopathy<\/h3><p class=\"elementor-image-box-description\">Treatments focused on the little ones, pathologies more associated with that moment of development.<br><\/p><\/div><\/div>\t\t\t\t<\/div>\n\t\t\t\t<\/div>\n\t\t\t\t<div class=\"elementor-element elementor-element-bcb4acc elementor-align-justify elementor-widget elementor-widget-button\" data-id=\"bcb4acc\" data-element_type=\"widget\" data-widget_type=\"button.default\">\n\t\t\t\t<div class=\"elementor-widget-container\">\n\t\t\t\t\t\t\t\t\t<div class=\"elementor-button-wrapper\">\n\t\t\t\t\t<a class=\"elementor-button elementor-button-link elementor-size-sm\" href=\"#\">\n\t\t\t\t\t\t<span class=\"elementor-button-content-wrapper\">\n\t\t\t\t\t\t\t\t\t<span class=\"elementor-button-text\">Pediatric respiratory physiotherapy<br>digestive dysfunctions<br>Psychomotor development<\/span>\n\t\t\t\t\t<\/span>\n\t\t\t\t\t<\/a>\n\t\t\t\t<\/div>\n\t\t\t\t\t\t\t\t<\/div>\n\t\t\t\t<\/div>\n\t\t\t\t<\/div>\n\t\t\t\t\t<\/div>\n\t\t\t\t<\/div>\n\t\t<div class=\"elementor-element elementor-element-7c007ca e-flex e-con-boxed e-con e-child\" data-id=\"7c007ca\" data-element_type=\"container\">\n\t\t\t\t\t<div class=\"e-con-inner\">\n\t\t<div class=\"elementor-element elementor-element-5cde375 e-con-full e-flex e-con e-child\" data-id=\"5cde375\" data-element_type=\"container\">\n\t\t\t\t<div class=\"elementor-element elementor-element-4f4d08d elementor-position-top elementor-widget elementor-widget-image-box\" data-id=\"4f4d08d\" data-element_type=\"widget\" data-widget_type=\"image-box.default\">\n\t\t\t\t<div class=\"elementor-widget-container\">\n\t\t\t\t\t<div class=\"elementor-image-box-wrapper\"><figure class=\"elementor-image-box-img\"><img loading=\"lazy\" decoding=\"async\" width=\"1586\" height=\"1455\" src=\"https:\/\/maktubfisioterapia.com\/wp-content\/uploads\/2024\/02\/acupuncture_2608838.png\" class=\"attachment-full size-full wp-image-92\" alt=\"\" srcset=\"https:\/\/maktubfisioterapia.com\/wp-content\/uploads\/2024\/02\/acupuncture_2608838.png 1586w, https:\/\/maktubfisioterapia.com\/wp-content\/uploads\/2024\/02\/acupuncture_2608838-300x275.png 300w, https:\/\/maktubfisioterapia.com\/wp-content\/uploads\/2024\/02\/acupuncture_2608838-1024x939.png 1024w, https:\/\/maktubfisioterapia.com\/wp-content\/uploads\/2024\/02\/acupuncture_2608838-768x705.png 768w, https:\/\/maktubfisioterapia.com\/wp-content\/uploads\/2024\/02\/acupuncture_2608838-1536x1409.png 1536w\" sizes=\"(max-width: 1586px) 100vw, 1586px\" \/><\/figure><div class=\"elementor-image-box-content\"><h3 class=\"elementor-image-box-title\">Acupuncture and Applied Electroacupuncture<\/h3><p class=\"elementor-image-box-description\">Using the principles of this oriental technique and putting them at the service of different pathologies that cause pain.<\/p><\/div><\/div>\t\t\t\t<\/div>\n\t\t\t\t<\/div>\n\t\t\t\t<\/div>\n\t\t<div class=\"elementor-element elementor-element-28a06f9 e-con-full e-flex e-con e-child\" data-id=\"28a06f9\" data-element_type=\"container\">\n\t\t\t\t<div class=\"elementor-element elementor-element-6ab8eca elementor-position-top elementor-widget elementor-widget-image-box\" data-id=\"6ab8eca\" data-element_type=\"widget\" data-widget_type=\"image-box.default\">\n\t\t\t\t<div class=\"elementor-widget-container\">\n\t\t\t\t\t<div class=\"elementor-image-box-wrapper\"><figure class=\"elementor-image-box-img\"><img loading=\"lazy\" decoding=\"async\" width=\"1720\" height=\"1720\" src=\"https:\/\/maktubfisioterapia.com\/wp-content\/uploads\/2024\/02\/pulsera.png\" class=\"attachment-full size-full wp-image-95\" alt=\"\" srcset=\"https:\/\/maktubfisioterapia.com\/wp-content\/uploads\/2024\/02\/pulsera.png 1720w, https:\/\/maktubfisioterapia.com\/wp-content\/uploads\/2024\/02\/pulsera-300x300.png 300w, https:\/\/maktubfisioterapia.com\/wp-content\/uploads\/2024\/02\/pulsera-1024x1024.png 1024w, https:\/\/maktubfisioterapia.com\/wp-content\/uploads\/2024\/02\/pulsera-150x150.png 150w, https:\/\/maktubfisioterapia.com\/wp-content\/uploads\/2024\/02\/pulsera-768x768.png 768w, https:\/\/maktubfisioterapia.com\/wp-content\/uploads\/2024\/02\/pulsera-1536x1536.png 1536w\" sizes=\"(max-width: 1720px) 100vw, 1720px\" \/><\/figure><div class=\"elementor-image-box-content\"><h3 class=\"elementor-image-box-title\">Sports injuries<\/h3><p class=\"elementor-image-box-description\">I offer sessions adapted to the time of injury and the need to return to sports practice, with guided guidelines for this, adapted to each athlete and their sport.<\/p><\/div><\/div>\t\t\t\t<\/div>\n\t\t\t\t<\/div>\n\t\t\t\t<\/div>\n\t\t<div class=\"elementor-element elementor-element-38c9609 e-con-full e-flex e-con e-child\" data-id=\"38c9609\" data-element_type=\"container\">\n\t\t\t\t<div class=\"elementor-element elementor-element-4f35dd9 elementor-position-top elementor-widget elementor-widget-image-box\" data-id=\"4f35dd9\" data-element_type=\"widget\" data-widget_type=\"image-box.default\">\n\t\t\t\t<div class=\"elementor-widget-container\">\n\t\t\t\t\t<div class=\"elementor-image-box-wrapper\"><figure class=\"elementor-image-box-img\"><img loading=\"lazy\" decoding=\"async\" width=\"512\" height=\"512\" src=\"https:\/\/maktubfisioterapia.com\/wp-content\/uploads\/2024\/02\/image-6.png\" class=\"attachment-full size-full wp-image-241\" alt=\"\" srcset=\"https:\/\/maktubfisioterapia.com\/wp-content\/uploads\/2024\/02\/image-6.png 512w, https:\/\/maktubfisioterapia.com\/wp-content\/uploads\/2024\/02\/image-6-300x300.png 300w, https:\/\/maktubfisioterapia.com\/wp-content\/uploads\/2024\/02\/image-6-150x150.png 150w, https:\/\/maktubfisioterapia.com\/wp-content\/uploads\/2024\/02\/image-6-12x12.png 12w\" sizes=\"(max-width: 512px) 100vw, 512px\" \/><\/figure><div class=\"elementor-image-box-content\"><h3 class=\"elementor-image-box-title\">Treatment <br>gift<\/h3><p class=\"elementor-image-box-description\">Tratamientos de fisioterapia y osteopat\u00eda para regalar. Regala Salud y Bienestar con Maktub.<\/p><\/div><\/div>\t\t\t\t<\/div>\n\t\t\t\t<\/div>\n\t\t\t\t<\/div>\n\t\t\t\t\t<\/div>\n\t\t\t\t<\/div>\n\t\t\t\t<\/div>\n\t\t<div class=\"elementor-element elementor-element-cb81b10 e-flex e-con-boxed e-con e-parent\" data-id=\"cb81b10\" data-element_type=\"container\" data-settings=\"{&quot;background_background&quot;:&quot;classic&quot;}\">\n\t\t\t\t\t<div class=\"e-con-inner\">\n\t\t\t\t\t<\/div>\n\t\t\t\t<\/div>\n\t\t<div class=\"elementor-element elementor-element-5925432 e-flex e-con-boxed e-con e-parent\" data-id=\"5925432\" data-element_type=\"container\">\n\t\t\t\t\t<div class=\"e-con-inner\">\n\t\t\t\t<div class=\"elementor-element elementor-element-0293751 elementor-view-default elementor-invisible elementor-widget elementor-widget-icon\" data-id=\"0293751\" data-element_type=\"widget\" data-settings=\"{&quot;_animation&quot;:&quot;bounce&quot;}\" data-widget_type=\"icon.default\">\n\t\t\t\t<div class=\"elementor-widget-container\">\n\t\t\t\t\t\t\t<div class=\"elementor-icon-wrapper\">\n\t\t\t<div class=\"elementor-icon\">\n\t\t\t<svg aria-hidden=\"true\" class=\"e-font-icon-svg e-fas-angle-double-down\" viewbox=\"0 0 320 512\" xmlns=\"http:\/\/www.w3.org\/2000\/svg\"><path d=\"M143 256.3L7 120.3c-9.4-9.4-9.4-24.6 0-33.9l22.6-22.6c9.4-9.4 24.6-9.4 33.9 0l96.4 96.4 96.4-96.4c9.4-9.4 24.6-9.4 33.9 0L313 86.3c9.4 9.4 9.4 24.6 0 33.9l-136 136c-9.4 9.5-24.6 9.5-34 .1zm34 192l136-136c9.4-9.4 9.4-24.6 0-33.9l-22.6-22.6c-9.4-9.4-24.6-9.4-33.9 0L160 352.1l-96.4-96.4c-9.4-9.4-24.6-9.4-33.9 0L7 278.3c-9.4 9.4-9.4 24.6 0 33.9l136 136c9.4 9.5 24.6 9.5 34 .1z\"><\/path><\/svg>\t\t\t<\/div>\n\t\t<\/div>\n\t\t\t\t\t\t<\/div>\n\t\t\t\t<\/div>\n\t\t\t\t<div class=\"elementor-element elementor-element-64c78ac elementor-widget elementor-widget-heading\" data-id=\"64c78ac\" data-element_type=\"widget\" data-widget_type=\"heading.default\">\n\t\t\t\t<div class=\"elementor-widget-container\">\n\t\t\t\t\t<h2 class=\"elementor-heading-title elementor-size-default\"><a href=\"https:\/\/maktubfisioterapia.com\/en\/contacto\/\">Contact us<\/a><\/h2>\t\t\t\t<\/div>\n\t\t\t\t<\/div>\n\t\t\t\t\t<\/div>\n\t\t\t\t<\/div>\n\t\t\t\t<\/div>","protected":false},"excerpt":{"rendered":"<p>Tratamientos \u00bfQu\u00e9 tratamiento est\u00e1s buscando? Fisioterapia Tratamientos manuales, buscando reestablecer la movilidad y normalidad de los tejidos, y darle al cuerpo a trav\u00e9s del movimiento, recursos para reinstaurar su normal funcionamiento. Punci\u00f3n Seca Fibr\u00f3lisis Diacut\u00e1nea Neurodinamia Kinesiotapping Vendaje funcionalControl motor Osteopat\u00eda Enfoque global y hol\u00edstico, entendiendo el cuerpo como un todo. A trav\u00e9s del tratamiento [&hellip;]<\/p>\n","protected":false},"author":1,"featured_media":0,"parent":0,"menu_order":0,"comment_status":"closed","ping_status":"closed","template":"","meta":{"footnotes":""},"class_list":["post-19","page","type-page","status-publish","hentry"],"yoast_head":"<!-- This site is optimized with the Yoast SEO plugin v26.8 - https:\/\/yoast.com\/product\/yoast-seo-wordpress\/ -->\n<title>Tratamientos - Maktub<\/title>\n<meta name=\"robots\" content=\"index, follow, max-snippet:-1, max-image-preview:large, max-video-preview:-1\" \/>\n<link rel=\"canonical\" href=\"https:\/\/maktubfisioterapia.com\/en\/tratamientos\/\" \/>\n<meta property=\"og:locale\" content=\"en_GB\" \/>\n<meta property=\"og:type\" content=\"article\" \/>\n<meta property=\"og:title\" content=\"Tratamientos - Maktub\" \/>\n<meta property=\"og:description\" content=\"Tratamientos \u00bfQu\u00e9 tratamiento est\u00e1s buscando? Fisioterapia Tratamientos manuales, buscando reestablecer la movilidad y normalidad de los tejidos, y darle al cuerpo a trav\u00e9s del movimiento, recursos para reinstaurar su normal funcionamiento. Punci\u00f3n Seca Fibr\u00f3lisis Diacut\u00e1nea Neurodinamia Kinesiotapping Vendaje funcionalControl motor Osteopat\u00eda Enfoque global y hol\u00edstico, entendiendo el cuerpo como un todo. A trav\u00e9s del tratamiento [&hellip;]\" \/>\n<meta property=\"og:url\" content=\"https:\/\/maktubfisioterapia.com\/en\/tratamientos\/\" \/>\n<meta property=\"og:site_name\" content=\"Maktub\" \/>\n<meta property=\"article:modified_time\" content=\"2024-02-27T10:37:29+00:00\" \/>\n<meta property=\"og:image\" content=\"https:\/\/maktubfisioterapia.com\/wp-content\/uploads\/2024\/02\/elipse-servicios-foto-flor.png\" \/>\n<meta name=\"twitter:card\" content=\"summary_large_image\" \/>\n<meta name=\"twitter:label1\" content=\"Est. reading time\" \/>\n\t<meta name=\"twitter:data1\" content=\"3 minutes\" \/>\n<script type=\"application\/ld+json\" class=\"yoast-schema-graph\">{\"@context\":\"https:\/\/schema.org\",\"@graph\":[{\"@type\":\"WebPage\",\"@id\":\"https:\/\/maktubfisioterapia.com\/tratamientos\/\",\"url\":\"https:\/\/maktubfisioterapia.com\/tratamientos\/\",\"name\":\"Tratamientos - Maktub\",\"isPartOf\":{\"@id\":\"https:\/\/maktubfisioterapia.com\/#website\"},\"primaryImageOfPage\":{\"@id\":\"https:\/\/maktubfisioterapia.com\/tratamientos\/#primaryimage\"},\"image\":{\"@id\":\"https:\/\/maktubfisioterapia.com\/tratamientos\/#primaryimage\"},\"thumbnailUrl\":\"https:\/\/maktubfisioterapia.com\/wp-content\/uploads\/2024\/02\/elipse-servicios-foto-flor.png\",\"datePublished\":\"2024-02-01T19:46:44+00:00\",\"dateModified\":\"2024-02-27T10:37:29+00:00\",\"breadcrumb\":{\"@id\":\"https:\/\/maktubfisioterapia.com\/tratamientos\/#breadcrumb\"},\"inLanguage\":\"en-GB\",\"potentialAction\":[{\"@type\":\"ReadAction\",\"target\":[\"https:\/\/maktubfisioterapia.com\/tratamientos\/\"]}]},{\"@type\":\"ImageObject\",\"inLanguage\":\"en-GB\",\"@id\":\"https:\/\/maktubfisioterapia.com\/tratamientos\/#primaryimage\",\"url\":\"https:\/\/maktubfisioterapia.com\/wp-content\/uploads\/2024\/02\/elipse-servicios-foto-flor.png\",\"contentUrl\":\"https:\/\/maktubfisioterapia.com\/wp-content\/uploads\/2024\/02\/elipse-servicios-foto-flor.png\"},{\"@type\":\"BreadcrumbList\",\"@id\":\"https:\/\/maktubfisioterapia.com\/tratamientos\/#breadcrumb\",\"itemListElement\":[{\"@type\":\"ListItem\",\"position\":1,\"name\":\"Portada\",\"item\":\"https:\/\/maktubfisioterapia.com\/\"},{\"@type\":\"ListItem\",\"position\":2,\"name\":\"Tratamientos\"}]},{\"@type\":\"WebSite\",\"@id\":\"https:\/\/maktubfisioterapia.com\/#website\",\"url\":\"https:\/\/maktubfisioterapia.com\/\",\"name\":\"Maktub\",\"description\":\"Fisioterapia\",\"publisher\":{\"@id\":\"https:\/\/maktubfisioterapia.com\/#organization\"},\"potentialAction\":[{\"@type\":\"SearchAction\",\"target\":{\"@type\":\"EntryPoint\",\"urlTemplate\":\"https:\/\/maktubfisioterapia.com\/?s={search_term_string}\"},\"query-input\":{\"@type\":\"PropertyValueSpecification\",\"valueRequired\":true,\"valueName\":\"search_term_string\"}}],\"inLanguage\":\"en-GB\"},{\"@type\":\"Organization\",\"@id\":\"https:\/\/maktubfisioterapia.com\/#organization\",\"name\":\"Maktub\",\"url\":\"https:\/\/maktubfisioterapia.com\/\",\"logo\":{\"@type\":\"ImageObject\",\"inLanguage\":\"en-GB\",\"@id\":\"https:\/\/maktubfisioterapia.com\/#\/schema\/logo\/image\/\",\"url\":\"https:\/\/maktubfisioterapia.com\/wp-content\/uploads\/2024\/02\/LOGO-COLOR_FONDO-BLANCO-e1706817174803.png\",\"contentUrl\":\"https:\/\/maktubfisioterapia.com\/wp-content\/uploads\/2024\/02\/LOGO-COLOR_FONDO-BLANCO-e1706817174803.png\",\"width\":1308,\"height\":1562,\"caption\":\"Maktub\"},\"image\":{\"@id\":\"https:\/\/maktubfisioterapia.com\/#\/schema\/logo\/image\/\"}}]}<\/script>\n<!-- \/ Yoast SEO plugin. -->","yoast_head_json":{"title":"Tratamientos - Maktub","robots":{"index":"index","follow":"follow","max-snippet":"max-snippet:-1","max-image-preview":"max-image-preview:large","max-video-preview":"max-video-preview:-1"},"canonical":"https:\/\/maktubfisioterapia.com\/en\/tratamientos\/","og_locale":"en_GB","og_type":"article","og_title":"Tratamientos - Maktub","og_description":"Tratamientos \u00bfQu\u00e9 tratamiento est\u00e1s buscando? Fisioterapia Tratamientos manuales, buscando reestablecer la movilidad y normalidad de los tejidos, y darle al cuerpo a trav\u00e9s del movimiento, recursos para reinstaurar su normal funcionamiento. Punci\u00f3n Seca Fibr\u00f3lisis Diacut\u00e1nea Neurodinamia Kinesiotapping Vendaje funcionalControl motor Osteopat\u00eda Enfoque global y hol\u00edstico, entendiendo el cuerpo como un todo. A trav\u00e9s del tratamiento [&hellip;]","og_url":"https:\/\/maktubfisioterapia.com\/en\/tratamientos\/","og_site_name":"Maktub","article_modified_time":"2024-02-27T10:37:29+00:00","og_image":[{"url":"https:\/\/maktubfisioterapia.com\/wp-content\/uploads\/2024\/02\/elipse-servicios-foto-flor.png","type":"","width":"","height":""}],"twitter_card":"summary_large_image","twitter_misc":{"Est. reading time":"3 minutes"},"schema":{"@context":"https:\/\/schema.org","@graph":[{"@type":"WebPage","@id":"https:\/\/maktubfisioterapia.com\/tratamientos\/","url":"https:\/\/maktubfisioterapia.com\/tratamientos\/","name":"Tratamientos - Maktub","isPartOf":{"@id":"https:\/\/maktubfisioterapia.com\/#website"},"primaryImageOfPage":{"@id":"https:\/\/maktubfisioterapia.com\/tratamientos\/#primaryimage"},"image":{"@id":"https:\/\/maktubfisioterapia.com\/tratamientos\/#primaryimage"},"thumbnailUrl":"https:\/\/maktubfisioterapia.com\/wp-content\/uploads\/2024\/02\/elipse-servicios-foto-flor.png","datePublished":"2024-02-01T19:46:44+00:00","dateModified":"2024-02-27T10:37:29+00:00","breadcrumb":{"@id":"https:\/\/maktubfisioterapia.com\/tratamientos\/#breadcrumb"},"inLanguage":"en-GB","potentialAction":[{"@type":"ReadAction","target":["https:\/\/maktubfisioterapia.com\/tratamientos\/"]}]},{"@type":"ImageObject","inLanguage":"en-GB","@id":"https:\/\/maktubfisioterapia.com\/tratamientos\/#primaryimage","url":"https:\/\/maktubfisioterapia.com\/wp-content\/uploads\/2024\/02\/elipse-servicios-foto-flor.png","contentUrl":"https:\/\/maktubfisioterapia.com\/wp-content\/uploads\/2024\/02\/elipse-servicios-foto-flor.png"},{"@type":"BreadcrumbList","@id":"https:\/\/maktubfisioterapia.com\/tratamientos\/#breadcrumb","itemListElement":[{"@type":"ListItem","position":1,"name":"Portada","item":"https:\/\/maktubfisioterapia.com\/"},{"@type":"ListItem","position":2,"name":"Tratamientos"}]},{"@type":"WebSite","@id":"https:\/\/maktubfisioterapia.com\/#website","url":"https:\/\/maktubfisioterapia.com\/","name":"Maktub","description":"Physiotherapy","publisher":{"@id":"https:\/\/maktubfisioterapia.com\/#organization"},"potentialAction":[{"@type":"SearchAction","target":{"@type":"EntryPoint","urlTemplate":"https:\/\/maktubfisioterapia.com\/?s={search_term_string}"},"query-input":{"@type":"PropertyValueSpecification","valueRequired":true,"valueName":"search_term_string"}}],"inLanguage":"en-GB"},{"@type":"Organization","@id":"https:\/\/maktubfisioterapia.com\/#organization","name":"Maktub","url":"https:\/\/maktubfisioterapia.com\/","logo":{"@type":"ImageObject","inLanguage":"en-GB","@id":"https:\/\/maktubfisioterapia.com\/#\/schema\/logo\/image\/","url":"https:\/\/maktubfisioterapia.com\/wp-content\/uploads\/2024\/02\/LOGO-COLOR_FONDO-BLANCO-e1706817174803.png","contentUrl":"https:\/\/maktubfisioterapia.com\/wp-content\/uploads\/2024\/02\/LOGO-COLOR_FONDO-BLANCO-e1706817174803.png","width":1308,"height":1562,"caption":"Maktub"},"image":{"@id":"https:\/\/maktubfisioterapia.com\/#\/schema\/logo\/image\/"}}]}},"_links":{"self":[{"href":"https:\/\/maktubfisioterapia.com\/en\/wp-json\/wp\/v2\/pages\/19","targetHints":{"allow":["GET"]}}],"collection":[{"href":"https:\/\/maktubfisioterapia.com\/en\/wp-json\/wp\/v2\/pages"}],"about":[{"href":"https:\/\/maktubfisioterapia.com\/en\/wp-json\/wp\/v2\/types\/page"}],"author":[{"embeddable":true,"href":"https:\/\/maktubfisioterapia.com\/en\/wp-json\/wp\/v2\/users\/1"}],"replies":[{"embeddable":true,"href":"https:\/\/maktubfisioterapia.com\/en\/wp-json\/wp\/v2\/comments?post=19"}],"version-history":[{"count":0,"href":"https:\/\/maktubfisioterapia.com\/en\/wp-json\/wp\/v2\/pages\/19\/revisions"}],"wp:attachment":[{"href":"https:\/\/maktubfisioterapia.com\/en\/wp-json\/wp\/v2\/media?parent=19"}],"curies":[{"name":"wp","href":"https:\/\/api.w.org\/{rel}","templated":true}]}}