{"id":17,"date":"2024-02-01T19:46:32","date_gmt":"2024-02-01T19:46:32","guid":{"rendered":"https:\/\/maktubfisioterapia.com\/?page_id=17"},"modified":"2024-02-28T09:35:25","modified_gmt":"2024-02-28T09:35:25","slug":"quien-soy","status":"publish","type":"page","link":"https:\/\/maktubfisioterapia.com\/en\/quien-soy\/","title":{"rendered":"Who I am"},"content":{"rendered":"<div data-elementor-type=\"wp-page\" data-elementor-id=\"17\" class=\"elementor elementor-17\" data-elementor-post-type=\"page\">\n\t\t\t\t<div class=\"elementor-element elementor-element-25088c4 e-con-full e-flex e-con e-parent\" data-id=\"25088c4\" data-element_type=\"container\">\n\t\t\t\t<div class=\"elementor-element elementor-element-e34c25b elementor-widget elementor-widget-heading\" data-id=\"e34c25b\" data-element_type=\"widget\" data-widget_type=\"heading.default\">\n\t\t\t\t<div class=\"elementor-widget-container\">\n\t\t\t\t\t<h2 class=\"elementor-heading-title elementor-size-default\">Maktub Fisioterapia y Osteopat\u00eda<\/h2>\t\t\t\t<\/div>\n\t\t\t\t<\/div>\n\t\t\t\t<\/div>\n\t\t<div class=\"elementor-element elementor-element-d6f0657 e-con-full e-flex e-con e-parent\" data-id=\"d6f0657\" data-element_type=\"container\">\n\t\t\t\t<div class=\"elementor-element elementor-element-a36c095 elementor-widget__width-initial e-transform elementor-widget elementor-widget-image\" data-id=\"a36c095\" data-element_type=\"widget\" data-settings=\"{&quot;_transform_flipX_effect&quot;:&quot;transform&quot;}\" data-widget_type=\"image.default\">\n\t\t\t\t<div class=\"elementor-widget-container\">\n\t\t\t\t\t\t\t\t\t\t\t\t\t\t\t<img fetchpriority=\"high\" decoding=\"async\" width=\"768\" height=\"1024\" src=\"https:\/\/maktubfisioterapia.com\/wp-content\/uploads\/2024\/02\/Esther-maktub-768x1024.jpg\" class=\"attachment-large size-large wp-image-263\" alt=\"\" srcset=\"https:\/\/maktubfisioterapia.com\/wp-content\/uploads\/2024\/02\/Esther-maktub-768x1024.jpg 768w, https:\/\/maktubfisioterapia.com\/wp-content\/uploads\/2024\/02\/Esther-maktub-225x300.jpg 225w, https:\/\/maktubfisioterapia.com\/wp-content\/uploads\/2024\/02\/Esther-maktub-1152x1536.jpg 1152w, https:\/\/maktubfisioterapia.com\/wp-content\/uploads\/2024\/02\/Esther-maktub-1536x2048.jpg 1536w, https:\/\/maktubfisioterapia.com\/wp-content\/uploads\/2024\/02\/Esther-maktub-9x12.jpg 9w, https:\/\/maktubfisioterapia.com\/wp-content\/uploads\/2024\/02\/Esther-maktub-scaled.jpg 1920w\" sizes=\"(max-width: 768px) 100vw, 768px\" \/>\t\t\t\t\t\t\t\t\t\t\t\t\t\t\t<\/div>\n\t\t\t\t<\/div>\n\t\t\t\t<div class=\"elementor-element elementor-element-de339e2 elementor-widget__width-initial elementor-widget elementor-widget-text-editor\" data-id=\"de339e2\" data-element_type=\"widget\" data-widget_type=\"text-editor.default\">\n\t\t\t\t<div class=\"elementor-widget-container\">\n\t\t\t\t\t\t\t\t\t<h3><strong>Esther Garc\u00eda Bernardo<\/strong><\/h3><h6><strong><span style=\"color: #a32035;\">Registered Physiotherapist 34-1944<\/span><\/strong><\/h6><p>I started in the world of physiotherapy by studying at the <strong>Soria University School<\/strong>. After finishing my degree in 2010, I trained in <strong>Master of <\/strong><strong>Osteopathy<\/strong>, which marked in me a new way of understanding and approaching the human body, a more global vision of the patient and their circumstances.<\/p><p>Desde ese momento, en mi d\u00eda a d\u00eda en la consulta, <strong>combino mis conocimientos de ambas disciplinas para evaluar y tratar al paciente de la manera m\u00e1s integral y hol\u00edstica posible.<\/strong><\/p>\t\t\t\t\t\t\t\t<\/div>\n\t\t\t\t<\/div>\n\t\t\t\t<\/div>\n\t\t<div class=\"elementor-element elementor-element-0b12a5e e-con-full e-flex e-con e-parent\" data-id=\"0b12a5e\" data-element_type=\"container\">\n\t\t\t\t<div class=\"elementor-element elementor-element-901f96b elementor-widget__width-initial elementor-widget elementor-widget-text-editor\" data-id=\"901f96b\" data-element_type=\"widget\" data-widget_type=\"text-editor.default\">\n\t\t\t\t<div class=\"elementor-widget-container\">\n\t\t\t\t\t\t\t\t\t<p>I have always been linked to sports, personally and professionally. I have been a physiotherapist for handball, rugby, basketball teams... Now from my practice I offer sessions adapted to the level of training, the time of injury and the need to return to sports practice. With guided guidelines and therapies adapted to each athlete and their sport.<\/p>\t\t\t\t\t\t\t\t<\/div>\n\t\t\t\t<\/div>\n\t\t\t\t<div class=\"elementor-element elementor-element-635ada0 elementor-widget__width-initial elementor-widget elementor-widget-text-editor\" data-id=\"635ada0\" data-element_type=\"widget\" data-widget_type=\"text-editor.default\">\n\t\t\t\t<div class=\"elementor-widget-container\">\n\t\t\t\t\t\t\t\t\t<p>En los \u00faltimos a\u00f1os mis formaciones han ido orientadas hacia los m\u00e1s peque\u00f1os, aumentando mis conocimientos en <strong>fisioterapia respiratoria pedi\u00e1trica, c\u00f3licos y alteraciones digestivas, desarrollo psicomotor y alteraciones craneales.<\/strong> Conocer a los beb\u00e9s, su sistema en continuo desarrollo y adaptaci\u00f3n me hace aprender d\u00eda a d\u00eda, y me aporta recursos siempre \u00fatiles para el trabajo tambi\u00e9n con los m\u00e1s mayores.<\/p>\t\t\t\t\t\t\t\t<\/div>\n\t\t\t\t<\/div>\n\t\t\t\t<\/div>\n\t\t<div class=\"elementor-element elementor-element-dd0fa6a e-con-full e-flex e-con e-parent\" data-id=\"dd0fa6a\" data-element_type=\"container\">\n\t\t\t\t<div class=\"elementor-element elementor-element-5a183b4 elementor-widget__width-initial e-transform elementor-widget elementor-widget-image\" data-id=\"5a183b4\" data-element_type=\"widget\" data-settings=\"{&quot;_transform_flipX_effect&quot;:&quot;transform&quot;}\" data-widget_type=\"image.default\">\n\t\t\t\t<div class=\"elementor-widget-container\">\n\t\t\t\t\t\t\t\t\t\t\t\t\t\t\t<img decoding=\"async\" width=\"800\" height=\"534\" src=\"https:\/\/maktubfisioterapia.com\/wp-content\/uploads\/2024\/02\/ben-white-199953-1024x684.jpg\" class=\"attachment-large size-large wp-image-81\" alt=\"\" srcset=\"https:\/\/maktubfisioterapia.com\/wp-content\/uploads\/2024\/02\/ben-white-199953-1024x684.jpg 1024w, https:\/\/maktubfisioterapia.com\/wp-content\/uploads\/2024\/02\/ben-white-199953-300x200.jpg 300w, https:\/\/maktubfisioterapia.com\/wp-content\/uploads\/2024\/02\/ben-white-199953-768x513.jpg 768w, https:\/\/maktubfisioterapia.com\/wp-content\/uploads\/2024\/02\/ben-white-199953-1536x1025.jpg 1536w, https:\/\/maktubfisioterapia.com\/wp-content\/uploads\/2024\/02\/ben-white-199953-2048x1367.jpg 2048w\" sizes=\"(max-width: 800px) 100vw, 800px\" \/>\t\t\t\t\t\t\t\t\t\t\t\t\t\t\t<\/div>\n\t\t\t\t<\/div>\n\t\t\t\t<div class=\"elementor-element elementor-element-b1f77f1 elementor-widget__width-initial elementor-widget elementor-widget-text-editor\" data-id=\"b1f77f1\" data-element_type=\"widget\" data-widget_type=\"text-editor.default\">\n\t\t\t\t<div class=\"elementor-widget-container\">\n\t\t\t\t\t\t\t\t\t<p>A lo largo de los a\u00f1os he seguido interes\u00e1ndome y form\u00e1ndome en diversos campos dentro de la fisioterapia: <strong>punci\u00f3n seca, neuro dinamia, acupuntura adaptada, pilates, ganchos, kinesiotape&#8230;<\/strong> Todas estas formaciones aportan t\u00e9cnicas y enfoques a los tratamientos, que me permiten ofrecer a cada paciente la forma m\u00e1s personalizada de recuperar su bienestar.<\/p>\t\t\t\t\t\t\t\t<\/div>\n\t\t\t\t<\/div>\n\t\t\t\t<\/div>\n\t\t<div class=\"elementor-element elementor-element-6dc16c2 e-flex e-con-boxed e-con e-parent\" data-id=\"6dc16c2\" data-element_type=\"container\" data-settings=\"{&quot;background_background&quot;:&quot;classic&quot;}\">\n\t\t\t\t\t<div class=\"e-con-inner\">\n\t\t\t\t<div class=\"elementor-element elementor-element-9136f6b elementor-widget__width-initial elementor-position-top elementor-widget elementor-widget-image-box\" data-id=\"9136f6b\" data-element_type=\"widget\" data-widget_type=\"image-box.default\">\n\t\t\t\t<div class=\"elementor-widget-container\">\n\t\t\t\t\t<div class=\"elementor-image-box-wrapper\"><figure class=\"elementor-image-box-img\"><img decoding=\"async\" width=\"625\" height=\"625\" src=\"https:\/\/maktubfisioterapia.com\/wp-content\/uploads\/2024\/02\/favicon.png\" class=\"attachment-full size-full wp-image-53\" alt=\"\" srcset=\"https:\/\/maktubfisioterapia.com\/wp-content\/uploads\/2024\/02\/favicon.png 625w, https:\/\/maktubfisioterapia.com\/wp-content\/uploads\/2024\/02\/favicon-300x300.png 300w, https:\/\/maktubfisioterapia.com\/wp-content\/uploads\/2024\/02\/favicon-150x150.png 150w\" sizes=\"(max-width: 625px) 100vw, 625px\" \/><\/figure><div class=\"elementor-image-box-content\"><h3 class=\"elementor-image-box-title\">What does Maktub mean?<\/h3><p class=\"elementor-image-box-description\">Es una palabra que significa \u201cestaba escrito\u201d, que lo que est\u00e1 destinado a suceder siempre encontrar\u00e1 una forma \u00fanica, m\u00e1gica y maravillosa para manifestarse.\nEs una idea que est\u00e1 muy presente en mi vida, en la forma que tengo de entender mi trabajo y vocaci\u00f3n.<\/p><\/div><\/div>\t\t\t\t<\/div>\n\t\t\t\t<\/div>\n\t\t\t\t\t<\/div>\n\t\t\t\t<\/div>\n\t\t<div class=\"elementor-element elementor-element-2edf762 e-flex e-con-boxed e-con e-parent\" data-id=\"2edf762\" data-element_type=\"container\" data-settings=\"{&quot;background_background&quot;:&quot;classic&quot;}\">\n\t\t\t\t\t<div class=\"e-con-inner\">\n\t\t\t\t\t<\/div>\n\t\t\t\t<\/div>\n\t\t<div class=\"elementor-element elementor-element-46123d4 e-flex e-con-boxed e-con e-parent\" data-id=\"46123d4\" data-element_type=\"container\">\n\t\t\t\t\t<div class=\"e-con-inner\">\n\t\t\t\t<div class=\"elementor-element elementor-element-1b79661 elementor-widget__width-initial elementor-widget elementor-widget-text-editor\" data-id=\"1b79661\" data-element_type=\"widget\" data-widget_type=\"text-editor.default\">\n\t\t\t\t<div class=\"elementor-widget-container\">\n\t\t\t\t\t\t\t\t\t<p><span class=\"NormalTextRun SCXW19234918 BCX0\">Ex<\/span><span class=\"NormalTextRun SCXW19234918 BCX0\">p<\/span><span class=\"NormalTextRun SCXW19234918 BCX0\">l<\/span><span class=\"NormalTextRun SCXW19234918 BCX0\">ora nuestra p\u00e1gina para obtener m\u00e1s informaci\u00f3n sobre nuestros servicios, instalaciones y filosof\u00eda. En <\/span><span class=\"NormalTextRun SpellingErrorV2Themed SCXW19234918 BCX0\">Maktub<\/span><span class=\"NormalTextRun SCXW19234918 BCX0\"> Physiotherapy<\/span><span class=\"NormalTextRun SCXW19234918 BCX0\"> and Osteopathy<\/span><span class=\"NormalTextRun SCXW19234918 BCX0\">, estamos aqu\u00ed para <\/span><span class=\"NormalTextRun SCXW19234918 BCX0\">ayudarte a encontrar tu<\/span><span class=\"NormalTextRun SCXW19234918 BCX0\"> bienestar.<\/span><\/p>\t\t\t\t\t\t\t\t<\/div>\n\t\t\t\t<\/div>\n\t\t\t\t<div class=\"elementor-element elementor-element-82beb45 elementor-view-default elementor-invisible elementor-widget elementor-widget-icon\" data-id=\"82beb45\" data-element_type=\"widget\" data-settings=\"{&quot;_animation&quot;:&quot;bounce&quot;}\" data-widget_type=\"icon.default\">\n\t\t\t\t<div class=\"elementor-widget-container\">\n\t\t\t\t\t\t\t<div class=\"elementor-icon-wrapper\">\n\t\t\t<div class=\"elementor-icon\">\n\t\t\t<svg aria-hidden=\"true\" class=\"e-font-icon-svg e-fas-angle-double-down\" viewbox=\"0 0 320 512\" xmlns=\"http:\/\/www.w3.org\/2000\/svg\"><path d=\"M143 256.3L7 120.3c-9.4-9.4-9.4-24.6 0-33.9l22.6-22.6c9.4-9.4 24.6-9.4 33.9 0l96.4 96.4 96.4-96.4c9.4-9.4 24.6-9.4 33.9 0L313 86.3c9.4 9.4 9.4 24.6 0 33.9l-136 136c-9.4 9.5-24.6 9.5-34 .1zm34 192l136-136c9.4-9.4 9.4-24.6 0-33.9l-22.6-22.6c-9.4-9.4-24.6-9.4-33.9 0L160 352.1l-96.4-96.4c-9.4-9.4-24.6-9.4-33.9 0L7 278.3c-9.4 9.4-9.4 24.6 0 33.9l136 136c9.4 9.5 24.6 9.5 34 .1z\"><\/path><\/svg>\t\t\t<\/div>\n\t\t<\/div>\n\t\t\t\t\t\t<\/div>\n\t\t\t\t<\/div>\n\t\t\t\t<div class=\"elementor-element elementor-element-3422a94 elementor-widget elementor-widget-heading\" data-id=\"3422a94\" data-element_type=\"widget\" data-widget_type=\"heading.default\">\n\t\t\t\t<div class=\"elementor-widget-container\">\n\t\t\t\t\t<h2 class=\"elementor-heading-title elementor-size-default\"><a href=\"https:\/\/maktubfisioterapia.com\/en\/contacto\/\">Contact us<\/a><\/h2>\t\t\t\t<\/div>\n\t\t\t\t<\/div>\n\t\t\t\t\t<\/div>\n\t\t\t\t<\/div>\n\t\t\t\t<\/div>","protected":false},"excerpt":{"rendered":"<p>Maktub Fisioterapia y Osteopat\u00eda Esther Garc\u00eda Bernardo Fisioterapeuta Colegiada 34-1944 Me inici\u00e9 en el mundo de la fisioterapia cursando mis estudios en la Escuela Universitaria Soria. Tras finalizar la carrera en 2010, me form\u00e9 en el M\u00e1ster de Osteopat\u00eda, lo que marc\u00f3 en m\u00ed una nueva manera de entender y abordar el cuerpo humano, una [&hellip;]<\/p>\n","protected":false},"author":1,"featured_media":0,"parent":0,"menu_order":0,"comment_status":"closed","ping_status":"closed","template":"","meta":{"footnotes":""},"class_list":["post-17","page","type-page","status-publish","hentry"],"yoast_head":"<!-- This site is optimized with the Yoast SEO plugin v26.8 - https:\/\/yoast.com\/product\/yoast-seo-wordpress\/ -->\n<title>Quien soy - Maktub<\/title>\n<meta name=\"robots\" content=\"index, follow, max-snippet:-1, max-image-preview:large, max-video-preview:-1\" \/>\n<link rel=\"canonical\" href=\"https:\/\/maktubfisioterapia.com\/en\/quien-soy\/\" \/>\n<meta property=\"og:locale\" content=\"en_GB\" \/>\n<meta property=\"og:type\" content=\"article\" \/>\n<meta property=\"og:title\" content=\"Quien soy - Maktub\" \/>\n<meta property=\"og:description\" content=\"Maktub Fisioterapia y Osteopat\u00eda Esther Garc\u00eda Bernardo Fisioterapeuta Colegiada 34-1944 Me inici\u00e9 en el mundo de la fisioterapia cursando mis estudios en la Escuela Universitaria Soria. Tras finalizar la carrera en 2010, me form\u00e9 en el M\u00e1ster de Osteopat\u00eda, lo que marc\u00f3 en m\u00ed una nueva manera de entender y abordar el cuerpo humano, una [&hellip;]\" \/>\n<meta property=\"og:url\" content=\"https:\/\/maktubfisioterapia.com\/en\/quien-soy\/\" \/>\n<meta property=\"og:site_name\" content=\"Maktub\" \/>\n<meta property=\"article:modified_time\" content=\"2024-02-28T09:35:25+00:00\" \/>\n<meta property=\"og:image\" content=\"https:\/\/maktubfisioterapia.com\/wp-content\/uploads\/2024\/02\/Esther-maktub-768x1024.jpg\" \/>\n<meta name=\"twitter:card\" content=\"summary_large_image\" \/>\n<meta name=\"twitter:label1\" content=\"Est. reading time\" \/>\n\t<meta name=\"twitter:data1\" content=\"3 minutes\" \/>\n<script type=\"application\/ld+json\" class=\"yoast-schema-graph\">{\"@context\":\"https:\/\/schema.org\",\"@graph\":[{\"@type\":\"WebPage\",\"@id\":\"https:\/\/maktubfisioterapia.com\/quien-soy\/\",\"url\":\"https:\/\/maktubfisioterapia.com\/quien-soy\/\",\"name\":\"Quien soy - Maktub\",\"isPartOf\":{\"@id\":\"https:\/\/maktubfisioterapia.com\/#website\"},\"primaryImageOfPage\":{\"@id\":\"https:\/\/maktubfisioterapia.com\/quien-soy\/#primaryimage\"},\"image\":{\"@id\":\"https:\/\/maktubfisioterapia.com\/quien-soy\/#primaryimage\"},\"thumbnailUrl\":\"https:\/\/maktubfisioterapia.com\/wp-content\/uploads\/2024\/02\/Esther-maktub-768x1024.jpg\",\"datePublished\":\"2024-02-01T19:46:32+00:00\",\"dateModified\":\"2024-02-28T09:35:25+00:00\",\"breadcrumb\":{\"@id\":\"https:\/\/maktubfisioterapia.com\/quien-soy\/#breadcrumb\"},\"inLanguage\":\"en-GB\",\"potentialAction\":[{\"@type\":\"ReadAction\",\"target\":[\"https:\/\/maktubfisioterapia.com\/quien-soy\/\"]}]},{\"@type\":\"ImageObject\",\"inLanguage\":\"en-GB\",\"@id\":\"https:\/\/maktubfisioterapia.com\/quien-soy\/#primaryimage\",\"url\":\"https:\/\/maktubfisioterapia.com\/wp-content\/uploads\/2024\/02\/Esther-maktub-768x1024.jpg\",\"contentUrl\":\"https:\/\/maktubfisioterapia.com\/wp-content\/uploads\/2024\/02\/Esther-maktub-768x1024.jpg\"},{\"@type\":\"BreadcrumbList\",\"@id\":\"https:\/\/maktubfisioterapia.com\/quien-soy\/#breadcrumb\",\"itemListElement\":[{\"@type\":\"ListItem\",\"position\":1,\"name\":\"Portada\",\"item\":\"https:\/\/maktubfisioterapia.com\/\"},{\"@type\":\"ListItem\",\"position\":2,\"name\":\"Quien soy\"}]},{\"@type\":\"WebSite\",\"@id\":\"https:\/\/maktubfisioterapia.com\/#website\",\"url\":\"https:\/\/maktubfisioterapia.com\/\",\"name\":\"Maktub\",\"description\":\"Fisioterapia\",\"publisher\":{\"@id\":\"https:\/\/maktubfisioterapia.com\/#organization\"},\"potentialAction\":[{\"@type\":\"SearchAction\",\"target\":{\"@type\":\"EntryPoint\",\"urlTemplate\":\"https:\/\/maktubfisioterapia.com\/?s={search_term_string}\"},\"query-input\":{\"@type\":\"PropertyValueSpecification\",\"valueRequired\":true,\"valueName\":\"search_term_string\"}}],\"inLanguage\":\"en-GB\"},{\"@type\":\"Organization\",\"@id\":\"https:\/\/maktubfisioterapia.com\/#organization\",\"name\":\"Maktub\",\"url\":\"https:\/\/maktubfisioterapia.com\/\",\"logo\":{\"@type\":\"ImageObject\",\"inLanguage\":\"en-GB\",\"@id\":\"https:\/\/maktubfisioterapia.com\/#\/schema\/logo\/image\/\",\"url\":\"https:\/\/maktubfisioterapia.com\/wp-content\/uploads\/2024\/02\/LOGO-COLOR_FONDO-BLANCO-e1706817174803.png\",\"contentUrl\":\"https:\/\/maktubfisioterapia.com\/wp-content\/uploads\/2024\/02\/LOGO-COLOR_FONDO-BLANCO-e1706817174803.png\",\"width\":1308,\"height\":1562,\"caption\":\"Maktub\"},\"image\":{\"@id\":\"https:\/\/maktubfisioterapia.com\/#\/schema\/logo\/image\/\"}}]}<\/script>\n<!-- \/ Yoast SEO plugin. -->","yoast_head_json":{"title":"Quien soy - Maktub","robots":{"index":"index","follow":"follow","max-snippet":"max-snippet:-1","max-image-preview":"max-image-preview:large","max-video-preview":"max-video-preview:-1"},"canonical":"https:\/\/maktubfisioterapia.com\/en\/quien-soy\/","og_locale":"en_GB","og_type":"article","og_title":"Quien soy - Maktub","og_description":"Maktub Fisioterapia y Osteopat\u00eda Esther Garc\u00eda Bernardo Fisioterapeuta Colegiada 34-1944 Me inici\u00e9 en el mundo de la fisioterapia cursando mis estudios en la Escuela Universitaria Soria. Tras finalizar la carrera en 2010, me form\u00e9 en el M\u00e1ster de Osteopat\u00eda, lo que marc\u00f3 en m\u00ed una nueva manera de entender y abordar el cuerpo humano, una [&hellip;]","og_url":"https:\/\/maktubfisioterapia.com\/en\/quien-soy\/","og_site_name":"Maktub","article_modified_time":"2024-02-28T09:35:25+00:00","og_image":[{"url":"https:\/\/maktubfisioterapia.com\/wp-content\/uploads\/2024\/02\/Esther-maktub-768x1024.jpg","type":"","width":"","height":""}],"twitter_card":"summary_large_image","twitter_misc":{"Est. reading time":"3 minutes"},"schema":{"@context":"https:\/\/schema.org","@graph":[{"@type":"WebPage","@id":"https:\/\/maktubfisioterapia.com\/quien-soy\/","url":"https:\/\/maktubfisioterapia.com\/quien-soy\/","name":"Quien soy - Maktub","isPartOf":{"@id":"https:\/\/maktubfisioterapia.com\/#website"},"primaryImageOfPage":{"@id":"https:\/\/maktubfisioterapia.com\/quien-soy\/#primaryimage"},"image":{"@id":"https:\/\/maktubfisioterapia.com\/quien-soy\/#primaryimage"},"thumbnailUrl":"https:\/\/maktubfisioterapia.com\/wp-content\/uploads\/2024\/02\/Esther-maktub-768x1024.jpg","datePublished":"2024-02-01T19:46:32+00:00","dateModified":"2024-02-28T09:35:25+00:00","breadcrumb":{"@id":"https:\/\/maktubfisioterapia.com\/quien-soy\/#breadcrumb"},"inLanguage":"en-GB","potentialAction":[{"@type":"ReadAction","target":["https:\/\/maktubfisioterapia.com\/quien-soy\/"]}]},{"@type":"ImageObject","inLanguage":"en-GB","@id":"https:\/\/maktubfisioterapia.com\/quien-soy\/#primaryimage","url":"https:\/\/maktubfisioterapia.com\/wp-content\/uploads\/2024\/02\/Esther-maktub-768x1024.jpg","contentUrl":"https:\/\/maktubfisioterapia.com\/wp-content\/uploads\/2024\/02\/Esther-maktub-768x1024.jpg"},{"@type":"BreadcrumbList","@id":"https:\/\/maktubfisioterapia.com\/quien-soy\/#breadcrumb","itemListElement":[{"@type":"ListItem","position":1,"name":"Portada","item":"https:\/\/maktubfisioterapia.com\/"},{"@type":"ListItem","position":2,"name":"Quien soy"}]},{"@type":"WebSite","@id":"https:\/\/maktubfisioterapia.com\/#website","url":"https:\/\/maktubfisioterapia.com\/","name":"Maktub","description":"Physiotherapy","publisher":{"@id":"https:\/\/maktubfisioterapia.com\/#organization"},"potentialAction":[{"@type":"SearchAction","target":{"@type":"EntryPoint","urlTemplate":"https:\/\/maktubfisioterapia.com\/?s={search_term_string}"},"query-input":{"@type":"PropertyValueSpecification","valueRequired":true,"valueName":"search_term_string"}}],"inLanguage":"en-GB"},{"@type":"Organization","@id":"https:\/\/maktubfisioterapia.com\/#organization","name":"Maktub","url":"https:\/\/maktubfisioterapia.com\/","logo":{"@type":"ImageObject","inLanguage":"en-GB","@id":"https:\/\/maktubfisioterapia.com\/#\/schema\/logo\/image\/","url":"https:\/\/maktubfisioterapia.com\/wp-content\/uploads\/2024\/02\/LOGO-COLOR_FONDO-BLANCO-e1706817174803.png","contentUrl":"https:\/\/maktubfisioterapia.com\/wp-content\/uploads\/2024\/02\/LOGO-COLOR_FONDO-BLANCO-e1706817174803.png","width":1308,"height":1562,"caption":"Maktub"},"image":{"@id":"https:\/\/maktubfisioterapia.com\/#\/schema\/logo\/image\/"}}]}},"_links":{"self":[{"href":"https:\/\/maktubfisioterapia.com\/en\/wp-json\/wp\/v2\/pages\/17","targetHints":{"allow":["GET"]}}],"collection":[{"href":"https:\/\/maktubfisioterapia.com\/en\/wp-json\/wp\/v2\/pages"}],"about":[{"href":"https:\/\/maktubfisioterapia.com\/en\/wp-json\/wp\/v2\/types\/page"}],"author":[{"embeddable":true,"href":"https:\/\/maktubfisioterapia.com\/en\/wp-json\/wp\/v2\/users\/1"}],"replies":[{"embeddable":true,"href":"https:\/\/maktubfisioterapia.com\/en\/wp-json\/wp\/v2\/comments?post=17"}],"version-history":[{"count":0,"href":"https:\/\/maktubfisioterapia.com\/en\/wp-json\/wp\/v2\/pages\/17\/revisions"}],"wp:attachment":[{"href":"https:\/\/maktubfisioterapia.com\/en\/wp-json\/wp\/v2\/media?parent=17"}],"curies":[{"name":"wp","href":"https:\/\/api.w.org\/{rel}","templated":true}]}}